{"id":13,"date":"2012-11-22T16:14:04","date_gmt":"2012-11-22T16:14:04","guid":{"rendered":"http:\/\/www.dietetclic.com\/?page_id=13"},"modified":"2024-08-24T15:24:29","modified_gmt":"2024-08-24T14:24:29","slug":"tarifs","status":"publish","type":"page","link":"https:\/\/www.dietetclic.com\/?page_id=13","title":{"rendered":"Tarifs"},"content":{"rendered":"<p>La consultation individuelle classique est \u00e0 60\u20ac, un consultation group\u00e9e (parent + enfant ou conjoints) est \u00e0 100\u20ac.<\/p>\n<p>La consultation de nutrition du sport est \u00e0 70\u20ac.<\/p>\n<p>La supervision de pratique est \u00e0 80\u20ac.<\/p>\n<p>Coaching \u00e0 domicile (2 heures pour une consultation, l&rsquo;optimisation de la cuisine et quelques pr\u00e9parations simples) : 120 \u20ac<\/p>\n<p>Ateliers ou interventions sp\u00e9cifiques : en fonction de la prestation.<\/p>\n<p>Pensez \u00e0 consulter votre mutuelle pour conna\u00eetre ses modalit\u00e9s de remboursement des consultations.<\/p>\n","protected":false},"excerpt":{"rendered":"<p>La consultation individuelle classique est \u00e0 60\u20ac, un consultation group\u00e9e (parent + enfant ou conjoints) est \u00e0 100\u20ac. La consultation de nutrition du sport est \u00e0 70\u20ac. La supervision de pratique est \u00e0 80\u20ac. Coaching \u00e0 domicile (2 heures pour &hellip; <a href=\"https:\/\/www.dietetclic.com\/?page_id=13\">Continuer la lecture <span class=\"meta-nav\">&rarr;<\/span><\/a><\/p>\n","protected":false},"author":1,"featured_media":0,"parent":0,"menu_order":0,"comment_status":"open","ping_status":"open","template":"","meta":{"footnotes":""},"class_list":["post-13","page","type-page","status-publish","hentry"],"_links":{"self":[{"href":"https:\/\/www.dietetclic.com\/index.php?rest_route=\/wp\/v2\/pages\/13"}],"collection":[{"href":"https:\/\/www.dietetclic.com\/index.php?rest_route=\/wp\/v2\/pages"}],"about":[{"href":"https:\/\/www.dietetclic.com\/index.php?rest_route=\/wp\/v2\/types\/page"}],"author":[{"embeddable":true,"href":"https:\/\/www.dietetclic.com\/index.php?rest_route=\/wp\/v2\/users\/1"}],"replies":[{"embeddable":true,"href":"https:\/\/www.dietetclic.com\/index.php?rest_route=%2Fwp%2Fv2%2Fcomments&post=13"}],"version-history":[{"count":18,"href":"https:\/\/www.dietetclic.com\/index.php?rest_route=\/wp\/v2\/pages\/13\/revisions"}],"predecessor-version":[{"id":1224,"href":"https:\/\/www.dietetclic.com\/index.php?rest_route=\/wp\/v2\/pages\/13\/revisions\/1224"}],"wp:attachment":[{"href":"https:\/\/www.dietetclic.com\/index.php?rest_route=%2Fwp%2Fv2%2Fmedia&parent=13"}],"curies":[{"name":"wp","href":"https:\/\/api.w.org\/{rel}","templated":true}]}}