{"id":2,"date":"2012-11-22T16:00:21","date_gmt":"2012-11-22T15:00:21","guid":{"rendered":"http:\/\/www.dietetclic.com\/?page_id=2"},"modified":"2024-02-16T18:24:39","modified_gmt":"2024-02-16T17:24:39","slug":"sample-page","status":"publish","type":"page","link":"https:\/\/www.dietetclic.com\/?page_id=2","title":{"rendered":"Willy MANGIN"},"content":{"rendered":"<p>Je suis Di\u00e9t\u00e9ticien-nutritionniste (<span style=\"font-size: medium;\"><a href=\"http:\/\/www.dietetclic.com\/?p=636\">N\u00b0 Adeli <\/a>86 95 0118 9<\/span>), titulaire du DU Nutrition Activit\u00e9s Physiques et Sportives de l&rsquo;Universit\u00e9 Paris Descartes.<\/p>\n<p>L&rsquo;alimentation est une part fondamentale de notre quotidien : \u00e0 la fois besoin physiologique et source de plaisir.<br \/>\nCette dualit\u00e9 peut induire des comportements alimentaires inappropri\u00e9s pour compenser les accidents de la vie. Il est donc important d&rsquo;avoir une approche nutritionnelle int\u00e9grant les habitudes, les sources de tension et le v\u00e9cu du patient.<\/p>\n<p>Lors de ma formation, j&rsquo;ai aussi travaill\u00e9 sur la nature du stress (et de la douleur, qui en est une forme), son impact physiologique, les mani\u00e8res de l&rsquo;aborder et une approche alimentaire pour limiter ou compenser ses effets.<\/p>\n<p>Puis j&rsquo;ai enseign\u00e9 en BTS la nutrition humaine et les besoins nutritionnels pour chaque cat\u00e9gorie de personnes, les r\u00e9gimes pathologiques et la connaissance des aliments \u00e0 de futurs di\u00e9t\u00e9ticiens.<\/p>\n<p>Mes consultations, bas\u00e9es sur ces notions et exp\u00e9riences, se font au cabinet, par Internet (e-mail ou vid\u00e9oconf\u00e9rence) et \u00e0 domicile sur Poitiers.<\/p>\n<p>Je pratique les arts martiaux chinois depuis 20 ans (Kung Fu Shaolin, Tang Lang, Taiji Quan style Chen, m\u00e9ditation et Qi Gong).<br \/>\nCeinture noire 4\u00e8me duan, <a href=\"https:\/\/www.youtube.com\/watch?v=Hb4EBwRp_hE\">Champion de France 2016<\/a> en Wushu Traditionnel (Taiji Quan Style Chen, cat\u00e9gorie v\u00e9t\u00e9ran), M\u00e9daill\u00e9 d&rsquo;argent \u00e0 l&rsquo;\u00e9p\u00e9e en 2019 au V\u00b0 International Chinese Martial Arts World Tournament \u00e0 Vila-real Espagne, jury et responsable des grades Wushu pour la FFK et membre de la commission Wushu Sant\u00e9 de l&rsquo;Association Fran\u00e7aise de Wushu Kungfu.<\/p>\n<p>Cette activit\u00e9 physique douce est b\u00e9n\u00e9fique aussi bien pour le corps que pour le mental et s&rsquo;inscrit naturellement dans la d\u00e9marche du sport sur ordonnance, permettant une reprise progressive de l&rsquo;activit\u00e9 physique tout en travaillant sur la gestion du stress.<\/p>\n<p>De plus, je suis titulaire du <a href=\"http:\/\/formations.univ-poitiers.fr\/fr\/index\/diplome-d-universite-du-niveau-master-DM\/diplome-d-universite-du-niveau-master-DM\/diplome-d-universite-sport-et-cancer-JQQUA6FE.html\">DU Sport Cancer de l&rsquo;Universit\u00e9 de Poitiers<\/a> pour compl\u00e9ter l&rsquo;accompagnement di\u00e9t\u00e9tique par une activit\u00e9 physique et sportive adapt\u00e9e aux maladies chroniques, sp\u00e9cialement les cancers et du <a href=\"https:\/\/ufr3s.univ-lille.fr\/formation-continue\/medecine\/du-longevite-vieillissement\">DU Long\u00e9vit\u00e9 et Vieillissement de la facult\u00e9 de M\u00e9decine de Lille<\/a>, ax\u00e9 pr\u00e9vention par la nutrition et les activit\u00e9s physiques, cognitives et sociales (3-en-1 que l&rsquo;on retrouve dans le Taiji Quan). Je me forme r\u00e9guli\u00e8rement avec d&rsquo;autres dipl\u00f4mes de Sport Sant\u00e9.<\/p>\n<p>J&rsquo;adh\u00e8re actuellement \u00e0 la Soci\u00e9t\u00e9 Fran\u00e7aise de Nutrition du Sport, \u00e0 l&rsquo;Association Francophone des Soins Oncologiques de Support, \u00e0 la Soci\u00e9t\u00e9 de Pneumologie de Langue Fran\u00e7aise, \u00e0 la Soci\u00e9t\u00e9 Francophone de Nutrition Clinique et M\u00e9tabolique et \u00e0 l&rsquo;Association Fran\u00e7aise des Di\u00e9t\u00e9ticiens Nutritionnistes, organismes de r\u00e9f\u00e9rences dans leur domaine respectif.<\/p>\n<p><a href=\"http:\/\/www.nutritiondusport.fr\"><img loading=\"lazy\" decoding=\"async\" class=\"alignnone wp-image-692\" src=\"http:\/\/www.dietetclic.com\/wp-content\/uploads\/2019\/07\/logo-snfs-carre-2-300x217.jpg\" alt=\"Soci\u00e9t\u00e9 Fran\u00e7aise de Nutrition du Sport\" width=\"150\" height=\"109\" srcset=\"https:\/\/www.dietetclic.com\/wp-content\/uploads\/2019\/07\/logo-snfs-carre-2-300x217.jpg 300w, https:\/\/www.dietetclic.com\/wp-content\/uploads\/2019\/07\/logo-snfs-carre-2.jpg 500w\" sizes=\"(max-width: 150px) 100vw, 150px\" \/><\/a>&nbsp;&nbsp;&nbsp; <a href=\"http:\/\/www.afsos.org\"><img loading=\"lazy\" decoding=\"async\" class=\"alignnone wp-image-691\" src=\"http:\/\/www.dietetclic.com\/wp-content\/uploads\/2019\/07\/afsos-logo-300x217.jpg\" alt=\"Association Francophone des Soins Oncologiques de Support\" width=\"150\" height=\"109\" srcset=\"https:\/\/www.dietetclic.com\/wp-content\/uploads\/2019\/07\/afsos-logo-300x217.jpg 300w, https:\/\/www.dietetclic.com\/wp-content\/uploads\/2019\/07\/afsos-logo.jpg 500w\" sizes=\"(max-width: 150px) 100vw, 150px\" \/><\/a> <a href=\"https:\/\/splf.fr\/\"><img loading=\"lazy\" decoding=\"async\" class=\"alignnone size-full wp-image-1171\" src=\"http:\/\/www.dietetclic.com\/wp-content\/uploads\/2022\/10\/SPLF.png\" alt=\"\" width=\"150\" height=\"109\" \/><\/a> <a href=\"https:\/\/sofpel.com\/\"><img loading=\"lazy\" decoding=\"async\" src=\"http:\/\/www.dietetclic.com\/wp-content\/uploads\/2024\/02\/sofpel.jpg\" alt=\"\" width=\"109\" height=\"109\" class=\"alignnone size-full wp-image-1201\" srcset=\"https:\/\/www.dietetclic.com\/wp-content\/uploads\/2024\/02\/sofpel.jpg 169w, https:\/\/www.dietetclic.com\/wp-content\/uploads\/2024\/02\/sofpel-150x150.jpg 150w\" sizes=\"(max-width: 109px) 100vw, 109px\" \/><\/a><\/p>\n","protected":false},"excerpt":{"rendered":"<p>Je suis Di\u00e9t\u00e9ticien-nutritionniste (N\u00b0 Adeli 86 95 0118 9), titulaire du DU Nutrition Activit\u00e9s Physiques et Sportives de l&rsquo;Universit\u00e9 Paris Descartes. L&rsquo;alimentation est une part fondamentale de notre quotidien : \u00e0 la fois besoin physiologique et source de plaisir. Cette &hellip; <a href=\"https:\/\/www.dietetclic.com\/?page_id=2\">Continuer la lecture <span class=\"meta-nav\">&rarr;<\/span><\/a><\/p>\n","protected":false},"author":1,"featured_media":0,"parent":0,"menu_order":0,"comment_status":"open","ping_status":"open","template":"","meta":{"footnotes":""},"class_list":["post-2","page","type-page","status-publish","hentry"],"_links":{"self":[{"href":"https:\/\/www.dietetclic.com\/index.php?rest_route=\/wp\/v2\/pages\/2"}],"collection":[{"href":"https:\/\/www.dietetclic.com\/index.php?rest_route=\/wp\/v2\/pages"}],"about":[{"href":"https:\/\/www.dietetclic.com\/index.php?rest_route=\/wp\/v2\/types\/page"}],"author":[{"embeddable":true,"href":"https:\/\/www.dietetclic.com\/index.php?rest_route=\/wp\/v2\/users\/1"}],"replies":[{"embeddable":true,"href":"https:\/\/www.dietetclic.com\/index.php?rest_route=%2Fwp%2Fv2%2Fcomments&post=2"}],"version-history":[{"count":111,"href":"https:\/\/www.dietetclic.com\/index.php?rest_route=\/wp\/v2\/pages\/2\/revisions"}],"predecessor-version":[{"id":1209,"href":"https:\/\/www.dietetclic.com\/index.php?rest_route=\/wp\/v2\/pages\/2\/revisions\/1209"}],"wp:attachment":[{"href":"https:\/\/www.dietetclic.com\/index.php?rest_route=%2Fwp%2Fv2%2Fmedia&parent=2"}],"curies":[{"name":"wp","href":"https:\/\/api.w.org\/{rel}","templated":true}]}}