{"id":316,"date":"2013-06-21T08:21:25","date_gmt":"2013-06-21T07:21:25","guid":{"rendered":"http:\/\/www.dietetclic.com\/?page_id=316"},"modified":"2025-09-01T11:38:18","modified_gmt":"2025-09-01T10:38:18","slug":"contacts","status":"publish","type":"page","link":"https:\/\/www.dietetclic.com\/?page_id=316","title":{"rendered":"Contacts"},"content":{"rendered":"<p>Vous pouvez me joindre :<\/p>\n<p><a href=\"tel:0651788845\"><img loading=\"lazy\" decoding=\"async\" class=\"alignnone wp-image-709\" src=\"http:\/\/www.dietetclic.com\/wp-content\/uploads\/2019\/07\/phone-symbol-of-an-auricular-inside-a-circle_icon-icons.com_56478.png\" alt=\"logo num\u00e9ro de t\u00e9l\u00e9phone\" width=\"30\" height=\"30\" \/><\/a> par t\u00e9l\u00e9phone au <a href=\"tel:0651788845\">06 51 78 88 45<\/a><\/p>\n<p><img loading=\"lazy\" decoding=\"async\" class=\"alignnone wp-image-711\" src=\"http:\/\/www.dietetclic.com\/wp-content\/uploads\/2019\/07\/email_icon-icons.com_66532.png\" alt=\"logo email\" width=\"30\" height=\"30\" \/> via le formulaire mail ci-dessous<br \/>\n\n<div class=\"wpcf7 no-js\" id=\"wpcf7-f1068-o1\" lang=\"fr-FR\" dir=\"ltr\">\n<div class=\"screen-reader-response\"><p role=\"status\" aria-live=\"polite\" aria-atomic=\"true\"><\/p> <ul><\/ul><\/div>\n<form action=\"\/index.php?rest_route=%2Fwp%2Fv2%2Fpages%2F316#wpcf7-f1068-o1\" method=\"post\" class=\"wpcf7-form init\" aria-label=\"Formulaire de contact\" novalidate=\"novalidate\" data-status=\"init\">\n<div style=\"display: none;\">\n<input type=\"hidden\" name=\"_wpcf7\" value=\"1068\" \/>\n<input type=\"hidden\" name=\"_wpcf7_version\" value=\"5.9.8\" \/>\n<input type=\"hidden\" name=\"_wpcf7_locale\" value=\"fr_FR\" \/>\n<input type=\"hidden\" name=\"_wpcf7_unit_tag\" value=\"wpcf7-f1068-o1\" \/>\n<input type=\"hidden\" name=\"_wpcf7_container_post\" value=\"0\" \/>\n<input type=\"hidden\" name=\"_wpcf7_posted_data_hash\" value=\"\" \/>\n<input type=\"hidden\" name=\"_wpcf7_recaptcha_response\" value=\"\" \/>\n<\/div>\n<p><label> Votre nom&nbsp;&nbsp;&nbsp;&nbsp;<span class=\"wpcf7-form-control-wrap\" data-name=\"your-name\"><input size=\"40\" maxlength=\"400\" class=\"wpcf7-form-control wpcf7-text wpcf7-validates-as-required\" aria-required=\"true\" aria-invalid=\"false\" value=\"\" type=\"text\" name=\"your-name\" \/><\/span> <\/label><br \/>\n<label> Votre e-mail&nbsp;<span class=\"wpcf7-form-control-wrap\" data-name=\"your-email\"><input size=\"40\" maxlength=\"400\" class=\"wpcf7-form-control wpcf7-email wpcf7-validates-as-required wpcf7-text wpcf7-validates-as-email\" aria-required=\"true\" aria-invalid=\"false\" value=\"\" type=\"email\" name=\"your-email\" \/><\/span> <\/label><br \/>\n<label> Objet&nbsp;&nbsp;&nbsp;&nbsp;&nbsp;&nbsp;&nbsp;&nbsp;&nbsp;&nbsp;&nbsp;&nbsp;<span class=\"wpcf7-form-control-wrap\" data-name=\"your-subject\"><input size=\"40\" maxlength=\"400\" class=\"wpcf7-form-control wpcf7-text wpcf7-validates-as-required\" aria-required=\"true\" aria-invalid=\"false\" value=\"\" type=\"text\" name=\"your-subject\" \/><\/span> <\/label><br \/>\n<label> Votre message (facultatif)<br \/>\n<span class=\"wpcf7-form-control-wrap\" data-name=\"your-message\"><textarea cols=\"40\" rows=\"10\" maxlength=\"2000\" class=\"wpcf7-form-control wpcf7-textarea\" aria-invalid=\"false\" name=\"your-message\"><\/textarea><\/span> <\/label><br \/>\n<input class=\"wpcf7-form-control wpcf7-submit has-spinner\" type=\"submit\" value=\"Envoyer\" \/>\n<\/p><div class=\"wpcf7-response-output\" aria-hidden=\"true\"><\/div>\n<\/form>\n<\/div>\n<\/p>\n<div id=\"flxmap-69f89b88a7170\" class='flxmap-container' data-flxmap='flxmap_69f89b88a7170' style=\"width:100%;height:400px;\"><\/div>\n<script data-noptimize=\"1\">\n\/* <![CDATA[ *\/\n(function(w, fn) {\n if (w.addEventListener) w.addEventListener(\"DOMContentLoaded\", fn, false);\n else if (w.attachEvent) w.attachEvent(\"onload\", fn);\n})(window, function() {\n var f = new FlexibleMap();\n f.setlocale(\"fr-FR\");\n f.showAddress(\"flxmap-69f89b88a7170\", \"8 boulevard marie et alexandre oyon, 72100 Le Mans\");\n window.flxmap_69f89b88a7170 = f;\n});\n\/* ]]> *\/\n<\/script>\n\n","protected":false},"excerpt":{"rendered":"<p>Vous pouvez me joindre : par t\u00e9l\u00e9phone au 06 51 78 88 45 via le formulaire mail ci-dessous<\/p>\n","protected":false},"author":1,"featured_media":0,"parent":0,"menu_order":0,"comment_status":"open","ping_status":"open","template":"","meta":{"footnotes":""},"class_list":["post-316","page","type-page","status-publish","hentry"],"_links":{"self":[{"href":"https:\/\/www.dietetclic.com\/index.php?rest_route=\/wp\/v2\/pages\/316"}],"collection":[{"href":"https:\/\/www.dietetclic.com\/index.php?rest_route=\/wp\/v2\/pages"}],"about":[{"href":"https:\/\/www.dietetclic.com\/index.php?rest_route=\/wp\/v2\/types\/page"}],"author":[{"embeddable":true,"href":"https:\/\/www.dietetclic.com\/index.php?rest_route=\/wp\/v2\/users\/1"}],"replies":[{"embeddable":true,"href":"https:\/\/www.dietetclic.com\/index.php?rest_route=%2Fwp%2Fv2%2Fcomments&post=316"}],"version-history":[{"count":42,"href":"https:\/\/www.dietetclic.com\/index.php?rest_route=\/wp\/v2\/pages\/316\/revisions"}],"predecessor-version":[{"id":1234,"href":"https:\/\/www.dietetclic.com\/index.php?rest_route=\/wp\/v2\/pages\/316\/revisions\/1234"}],"wp:attachment":[{"href":"https:\/\/www.dietetclic.com\/index.php?rest_route=%2Fwp%2Fv2%2Fmedia&parent=316"}],"curies":[{"name":"wp","href":"https:\/\/api.w.org\/{rel}","templated":true}]}}