{"id":6,"date":"2012-11-22T16:12:32","date_gmt":"2012-11-22T16:12:32","guid":{"rendered":"http:\/\/www.dietetclic.com\/?page_id=6"},"modified":"2026-04-24T19:39:03","modified_gmt":"2026-04-24T18:39:03","slug":"deroulement-dune-seance","status":"publish","type":"page","link":"https:\/\/www.dietetclic.com\/?page_id=6","title":{"rendered":"D\u00e9roulement d&rsquo;une s\u00e9ance"},"content":{"rendered":"<p>Avant la consultation, il est important de remplir l&rsquo;enqu\u00eate qui permettra de travailler conjointement sur les habitudes alimentaires (au minimum une journ\u00e9e type)<\/p>\n<p>La premi\u00e8re consultation \u00e0 pour but de dresser un bilan nutritionnel et d&rsquo;identifier les \u00e9ventuels d\u00e9s\u00e9quilibres, prendre les mensurations (taille, poids), conna\u00eetre les contraintes de vie (horaires de travail, temps disponibles pour les repas, obligations familiales ou religieuses), le niveau d&rsquo;activit\u00e9 physique, prendre connaissance des ant\u00e9c\u00e9dents m\u00e9dicaux, fixer les objectifs et calculer les besoins \u00e9nerg\u00e9tiques pour aboutir \u00e0 une r\u00e9\u00e9ducation alimentaire, r\u00e9gime personnalis\u00e9 et des exemples de recettes.<\/p>\n<p>Outre le suivi anthropom\u00e9trique, les consultations suivantes serviront \u00e0 approfondir diff\u00e9rents th\u00e8me afin d&rsquo;autonomiser le patient par l&rsquo;acquisition de comp\u00e9tences et de savoir faire li\u00e9s \u00e0 la nutrition (la digestion et l&rsquo;appareil digestif, les grandes cat\u00e9gories de nutriments, aborder une repas de f\u00eate ou une sortie) et de permettre au patient d&rsquo;identifier les difficult\u00e9s rencontr\u00e9es afin d&rsquo;y rem\u00e9dier.<\/p>\n<p>Au besoin, un coaching di\u00e9t\u00e9tique plus pouss\u00e9 peut \u00eatre propos\u00e9 et se d\u00e9roule au domicile des patients :<\/p>\n<ul>\n<li>analyse des produits achet\u00e9s (placards, r\u00e9frig\u00e9rateur) ;<\/li>\n<li>optimisation de la cuisine (plans de travail, modes de cuisson, techniques de base pr\u00e9servant les aliments) ;<\/li>\n<li>conseils pour la r\u00e9alisation des courses (m\u00e9thodologie, lecture des \u00e9tiquettes, stockage).<\/li>\n<\/ul>\n<p>Les consultations se font au cabinet sur rendez-vous, par Internet (e-mail ou Zoom) ou \u00e0 domicile pour les patients qui ne peuvent se d\u00e9placer et qui habitent sur le Mans.<\/p>\n<p>Pour <a href=\"http:\/\/www.dietetclic.com\/?page_id=316\">me contacter c&rsquo;est ici<\/a>.<\/p>\n","protected":false},"excerpt":{"rendered":"<p>Avant la consultation, il est important de remplir l&rsquo;enqu\u00eate qui permettra de travailler conjointement sur les habitudes alimentaires (au minimum une journ\u00e9e type) La premi\u00e8re consultation \u00e0 pour but de dresser un bilan nutritionnel et d&rsquo;identifier les \u00e9ventuels d\u00e9s\u00e9quilibres, prendre &hellip; <a href=\"https:\/\/www.dietetclic.com\/?page_id=6\">Continuer la lecture <span class=\"meta-nav\">&rarr;<\/span><\/a><\/p>\n","protected":false},"author":1,"featured_media":0,"parent":0,"menu_order":0,"comment_status":"open","ping_status":"open","template":"","meta":{"footnotes":""},"class_list":["post-6","page","type-page","status-publish","hentry"],"_links":{"self":[{"href":"https:\/\/www.dietetclic.com\/index.php?rest_route=\/wp\/v2\/pages\/6"}],"collection":[{"href":"https:\/\/www.dietetclic.com\/index.php?rest_route=\/wp\/v2\/pages"}],"about":[{"href":"https:\/\/www.dietetclic.com\/index.php?rest_route=\/wp\/v2\/types\/page"}],"author":[{"embeddable":true,"href":"https:\/\/www.dietetclic.com\/index.php?rest_route=\/wp\/v2\/users\/1"}],"replies":[{"embeddable":true,"href":"https:\/\/www.dietetclic.com\/index.php?rest_route=%2Fwp%2Fv2%2Fcomments&post=6"}],"version-history":[{"count":25,"href":"https:\/\/www.dietetclic.com\/index.php?rest_route=\/wp\/v2\/pages\/6\/revisions"}],"predecessor-version":[{"id":1244,"href":"https:\/\/www.dietetclic.com\/index.php?rest_route=\/wp\/v2\/pages\/6\/revisions\/1244"}],"wp:attachment":[{"href":"https:\/\/www.dietetclic.com\/index.php?rest_route=%2Fwp%2Fv2%2Fmedia&parent=6"}],"curies":[{"name":"wp","href":"https:\/\/api.w.org\/{rel}","templated":true}]}}