{"id":73,"date":"2012-12-15T02:02:31","date_gmt":"2012-12-15T01:02:31","guid":{"rendered":"http:\/\/www.dietetclic.com\/?page_id=73"},"modified":"2019-07-26T21:51:49","modified_gmt":"2019-07-26T20:51:49","slug":"alimentation-et-douleur","status":"publish","type":"page","link":"https:\/\/www.dietetclic.com\/?page_id=73","title":{"rendered":"Alimentation et douleur"},"content":{"rendered":"<p>Les r\u00e9cepteurs de douleur (nocicepteurs) peuvent \u00eatre suractiv\u00e9s (par le stress, les blessures, certains m\u00e9dicaments) et conduire \u00e0 une sensibilit\u00e9 accrue \u00e0 la douleur.<\/p>\n<p>Des \u00e9quipes de chercheurs et m\u00e9decins de Bordeaux et Rennes ont montr\u00e9 le r\u00f4le d&rsquo;\u00e9l\u00e9ments chimiques sp\u00e9cifiques (les polyamines) dans l&rsquo;activation de ces r\u00e9cepteurs. D&rsquo;apr\u00e8s leurs \u00e9tudes, ces polyamines, n\u00e9cessaires au bon fonctionnement du corps humain peuvent suractiver les nocicepteurs lorsqu&rsquo;ils sont pr\u00e9sent en trop grande quantit\u00e9 dans l&rsquo;organisme. Ces polyamines proviennent de plusieurs sources dont les aliments. La proportion de ces compos\u00e9 varie en fonction de plusieurs crit\u00e8res et des dosages ont \u00e9t\u00e9 r\u00e9alis\u00e9s sur plus d&rsquo;une centaine d&rsquo;aliments pour conna\u00eetre les teneurs en polyamines.<\/p>\n<p>Leurs travaux ont montr\u00e9 la possibilit\u00e9 de revenir \u00e0 une sensation de douleur normale gr\u00e2ce \u00e0 un choix d&rsquo;aliments sp\u00e9cifiques.<\/p>\n<p>J&rsquo;ai pu r\u00e9aliser un stage au sein de l&rsquo;\u00e9quipe CNRS de Bordeaux qui travaille sur ce sujet et j&rsquo;y ai r\u00e9alis\u00e9 des semaines de menus adapt\u00e9s \u00e0 chaque patient, en fonction de leur \u00e2ge et de leur sexe.<\/p>\n","protected":false},"excerpt":{"rendered":"<p>Les r\u00e9cepteurs de douleur (nocicepteurs) peuvent \u00eatre suractiv\u00e9s (par le stress, les blessures, certains m\u00e9dicaments) et conduire \u00e0 une sensibilit\u00e9 accrue \u00e0 la douleur. Des \u00e9quipes de chercheurs et m\u00e9decins de Bordeaux et Rennes ont montr\u00e9 le r\u00f4le d&rsquo;\u00e9l\u00e9ments chimiques &hellip; <a href=\"https:\/\/www.dietetclic.com\/?page_id=73\">Continuer la lecture <span class=\"meta-nav\">&rarr;<\/span><\/a><\/p>\n","protected":false},"author":1,"featured_media":0,"parent":0,"menu_order":0,"comment_status":"open","ping_status":"open","template":"","meta":{"footnotes":""},"class_list":["post-73","page","type-page","status-publish","hentry"],"_links":{"self":[{"href":"https:\/\/www.dietetclic.com\/index.php?rest_route=\/wp\/v2\/pages\/73"}],"collection":[{"href":"https:\/\/www.dietetclic.com\/index.php?rest_route=\/wp\/v2\/pages"}],"about":[{"href":"https:\/\/www.dietetclic.com\/index.php?rest_route=\/wp\/v2\/types\/page"}],"author":[{"embeddable":true,"href":"https:\/\/www.dietetclic.com\/index.php?rest_route=\/wp\/v2\/users\/1"}],"replies":[{"embeddable":true,"href":"https:\/\/www.dietetclic.com\/index.php?rest_route=%2Fwp%2Fv2%2Fcomments&post=73"}],"version-history":[{"count":7,"href":"https:\/\/www.dietetclic.com\/index.php?rest_route=\/wp\/v2\/pages\/73\/revisions"}],"predecessor-version":[{"id":724,"href":"https:\/\/www.dietetclic.com\/index.php?rest_route=\/wp\/v2\/pages\/73\/revisions\/724"}],"wp:attachment":[{"href":"https:\/\/www.dietetclic.com\/index.php?rest_route=%2Fwp%2Fv2%2Fmedia&parent=73"}],"curies":[{"name":"wp","href":"https:\/\/api.w.org\/{rel}","templated":true}]}}